{"id":166,"date":"2026-04-11T15:10:44","date_gmt":"2026-04-11T13:10:44","guid":{"rendered":"https:\/\/mooshbakery.shop\/alejandra\/?page_id=166"},"modified":"2026-04-11T15:37:52","modified_gmt":"2026-04-11T13:37:52","slug":"preguntas-frecuentes","status":"publish","type":"page","link":"https:\/\/mooshbakery.shop\/alejandra\/preguntas-frecuentes\/","title":{"rendered":"Preguntas frecuentes"},"content":{"rendered":"<div class=\"container section-title-container\" ><h1 class=\"section-title section-title-center\"><b aria-hidden=\"true\"><\/b><span class=\"section-title-main\" style=\"font-size:102%;\"><i class=\"icon-search\" aria-hidden=\"true\"><\/i>Preguntas frecuentes<\/span><b aria-hidden=\"true\"><\/b><\/h1><\/div>\n<div class=\"accordion\">\n\t<div id=\"accordion-2953675826\" class=\"accordion-item\">\n\t\t<a id=\"accordion-2953675826-label\" class=\"accordion-title plain\" href=\"#accordion-item-\u00bfd\u00f3nde-nos-encontramos?\" aria-expanded=\"false\" aria-controls=\"accordion-2953675826-content\">\n\t\t\t<button class=\"toggle\" aria-label=\"Toggle\"><i class=\"icon-angle-down\" aria-hidden=\"true\"><\/i><\/button>\n\t\t\t<span>\u00bfD\u00f3nde nos encontramos?<\/span>\n\t\t<\/a>\n\t\t<div id=\"accordion-2953675826-content\" class=\"accordion-inner\" aria-labelledby=\"accordion-2953675826-label\">\n\t\t\t\n\t<div id=\"text-1180481443\" class=\"text\">\n\t\t\n<p>Moosh Bakery es una pasteler\u00eda y reposter\u00eda que opera bajo el modelo de cocina oculta. Esto significa que no contamos con un punto f\u00edsico de atenci\u00f3n al p\u00fablico, trabajamos exclusivamente bajo pedido, con servicio de entrega a domicilio o recogida previamente coordinada.<\/p>\n\t\t\n<style>\n#text-1180481443 {\n  font-size: 1rem;\n  line-height: 1.4;\n}\n<\/style>\n\t<\/div>\n\t\n\t\t<\/div>\n\t<\/div>\n\t\n\t<div id=\"accordion-3108724667\" class=\"accordion-item\">\n\t\t<a id=\"accordion-3108724667-label\" class=\"accordion-title plain\" href=\"#accordion-item-\u00bfc\u00f3mo-hacer-un-pedido?\" aria-expanded=\"false\" aria-controls=\"accordion-3108724667-content\">\n\t\t\t<button class=\"toggle\" aria-label=\"Toggle\"><i class=\"icon-angle-down\" aria-hidden=\"true\"><\/i><\/button>\n\t\t\t<span>\u00bfC\u00f3mo hacer un pedido?<\/span>\n\t\t<\/a>\n\t\t<div id=\"accordion-3108724667-content\" class=\"accordion-inner\" aria-labelledby=\"accordion-3108724667-label\">\n\t\t\t\n\t<div id=\"text-1335362443\" class=\"text\">\n\t\t\n<p>Si deseas un producto de nuestro cat\u00e1logo, puedes agregarlo al carrito y realizar la compra de forma normal.<\/p>\n<p>Si necesitas un producto personalizado, debes completar el formulario en la secci\u00f3n <a href=\"https:\/\/mooshbakery.shop\/alejandra\/contactenos\/\">Cont\u00e1ctenos<\/a> y enviarnos tu solicitud con la mayor cantidad de detalles posible (tipo de producto, fecha de entrega, dise\u00f1o, sabores, etc.).<\/p>\n<p>Nos pondremos en contacto contigo en el menor tiempo posible para gestionar y confirmar tu pedido.<\/p>\n\t\t\n<style>\n#text-1335362443 {\n  font-size: 1rem;\n  line-height: 1.4;\n}\n<\/style>\n\t<\/div>\n\t\n\t\t<\/div>\n\t<\/div>\n\t\n\t<div id=\"accordion-3651842673\" class=\"accordion-item\">\n\t\t<a id=\"accordion-3651842673-label\" class=\"accordion-title plain\" href=\"#accordion-item-\u00bfcon-cu\u00e1nto-tiempo-de-anticipaci\u00f3n-se-debe-realizar-un-pedido?\" aria-expanded=\"false\" aria-controls=\"accordion-3651842673-content\">\n\t\t\t<button class=\"toggle\" aria-label=\"Toggle\"><i class=\"icon-angle-down\" aria-hidden=\"true\"><\/i><\/button>\n\t\t\t<span>\u00bfCon cu\u00e1nto tiempo de anticipaci\u00f3n se debe realizar un pedido?<\/span>\n\t\t<\/a>\n\t\t<div id=\"accordion-3651842673-content\" class=\"accordion-inner\" aria-labelledby=\"accordion-3651842673-label\">\n\t\t\t\n<p>Recomendamos realizar tu pedido con al menos 2 d\u00eda de anticipaci\u00f3n. Sin embargo, puedes consultarnos por disponibilidad para pedidos de \u00faltimo momento y con gusto validaremos si es posible ayudarte.<\/p>\n\t\t<\/div>\n\t<\/div>\n\t\n<\/div>\n<div class=\"accordion\">\n\t<div id=\"accordion-4100686847\" class=\"accordion-item\">\n\t\t<a id=\"accordion-4100686847-label\" class=\"accordion-title plain\" href=\"#accordion-item-\u00bfa-d\u00f3nde-realizan-domicilios?\" aria-expanded=\"false\" aria-controls=\"accordion-4100686847-content\">\n\t\t\t<button class=\"toggle\" aria-label=\"Toggle\"><i class=\"icon-angle-down\" aria-hidden=\"true\"><\/i><\/button>\n\t\t\t<span>\u00bfA d\u00f3nde realizan domicilios?<\/span>\n\t\t<\/a>\n\t\t<div id=\"accordion-4100686847-content\" class=\"accordion-inner\" aria-labelledby=\"accordion-4100686847-label\">\n\t\t\t\n\t<div id=\"text-984664719\" class=\"text\">\n\t\t\n<p>Realizamos entregas en toda Cali. El costo del domicilio var\u00eda seg\u00fan la distancia y se calcula al momento de confirmar el pedido.<\/p>\n<p>Tambi\u00e9n ofrecemos la opci\u00f3n de recogida, la cual se coordina previamente al momento de realizar tu compra.<\/p>\n\t\t\n<style>\n#text-984664719 {\n  line-height: 1;\n}\n<\/style>\n\t<\/div>\n\t\n\t\t<\/div>\n\t<\/div>\n\t\n\t<div id=\"accordion-3391768777\" class=\"accordion-item\">\n\t\t<a id=\"accordion-3391768777-label\" class=\"accordion-title plain\" href=\"#accordion-item-\u00bfatienden-eventos-o-pedidos-grandes?\" aria-expanded=\"false\" aria-controls=\"accordion-3391768777-content\">\n\t\t\t<button class=\"toggle\" aria-label=\"Toggle\"><i class=\"icon-angle-down\" aria-hidden=\"true\"><\/i><\/button>\n\t\t\t<span>\u00bfAtienden eventos o pedidos grandes?<\/span>\n\t\t<\/a>\n\t\t<div id=\"accordion-3391768777-content\" class=\"accordion-inner\" aria-labelledby=\"accordion-3391768777-label\">\n\t\t\t\n\t<div id=\"text-3927078378\" class=\"text\">\n\t\t\n<p>S\u00ed, atendemos pedidos para eventos y solicitudes de mayor volumen. En estos casos, te recomendamos contactarnos con al menos 5 d\u00edas de anticipaci\u00f3n para coordinar todos los detalles y garantizar una producci\u00f3n personalizada acorde a tu evento.<\/p>\n\t\t\n<style>\n#text-3927078378 {\n  line-height: 1.4;\n}\n<\/style>\n\t<\/div>\n\t\n\t\t<\/div>\n\t<\/div>\n\t\n<\/div>\n","protected":false},"excerpt":{"rendered":"","protected":false},"author":1,"featured_media":0,"parent":0,"menu_order":0,"comment_status":"closed","ping_status":"closed","template":"","meta":{"_joinchat":[],"footnotes":""},"class_list":["post-166","page","type-page","status-publish","hentry"],"yoast_head":"<!-- This site is optimized with the Yoast SEO plugin v27.2 - https:\/\/yoast.com\/product\/yoast-seo-wordpress\/ -->\n<title>Preguntas frecuentes - Moosh Bakery - Pasteler\u00eda y Reposter\u00eda<\/title>\n<meta name=\"robots\" content=\"index, follow, max-snippet:-1, max-image-preview:large, max-video-preview:-1\" \/>\n<link rel=\"canonical\" href=\"https:\/\/mooshbakery.shop\/alejandra\/preguntas-frecuentes\/\" \/>\n<meta property=\"og:locale\" content=\"es_ES\" \/>\n<meta property=\"og:type\" content=\"article\" \/>\n<meta property=\"og:title\" content=\"Preguntas frecuentes - Moosh Bakery - Pasteler\u00eda y Reposter\u00eda\" \/>\n<meta property=\"og:url\" content=\"https:\/\/mooshbakery.shop\/alejandra\/preguntas-frecuentes\/\" \/>\n<meta property=\"og:site_name\" content=\"Moosh Bakery - Pasteler\u00eda y Reposter\u00eda\" \/>\n<meta property=\"article:modified_time\" content=\"2026-04-11T13:37:52+00:00\" \/>\n<meta name=\"twitter:card\" content=\"summary_large_image\" \/>\n<script type=\"application\/ld+json\" class=\"yoast-schema-graph\">{\"@context\":\"https:\/\/schema.org\",\"@graph\":[{\"@type\":\"WebPage\",\"@id\":\"https:\/\/mooshbakery.shop\/alejandra\/preguntas-frecuentes\/\",\"url\":\"https:\/\/mooshbakery.shop\/alejandra\/preguntas-frecuentes\/\",\"name\":\"Preguntas frecuentes - Moosh Bakery - Pasteler\u00eda y Reposter\u00eda\",\"isPartOf\":{\"@id\":\"https:\/\/mooshbakery.shop\/alejandra\/#website\"},\"datePublished\":\"2026-04-11T13:10:44+00:00\",\"dateModified\":\"2026-04-11T13:37:52+00:00\",\"breadcrumb\":{\"@id\":\"https:\/\/mooshbakery.shop\/alejandra\/preguntas-frecuentes\/#breadcrumb\"},\"inLanguage\":\"es\",\"potentialAction\":[{\"@type\":\"ReadAction\",\"target\":[\"https:\/\/mooshbakery.shop\/alejandra\/preguntas-frecuentes\/\"]}]},{\"@type\":\"BreadcrumbList\",\"@id\":\"https:\/\/mooshbakery.shop\/alejandra\/preguntas-frecuentes\/#breadcrumb\",\"itemListElement\":[{\"@type\":\"ListItem\",\"position\":1,\"name\":\"Portada\",\"item\":\"https:\/\/mooshbakery.shop\/alejandra\/\"},{\"@type\":\"ListItem\",\"position\":2,\"name\":\"Preguntas frecuentes\"}]},{\"@type\":\"WebSite\",\"@id\":\"https:\/\/mooshbakery.shop\/alejandra\/#website\",\"url\":\"https:\/\/mooshbakery.shop\/alejandra\/\",\"name\":\"Moosh Bakery - Pasteler\u00eda y Reposter\u00eda\",\"description\":\"\",\"potentialAction\":[{\"@type\":\"SearchAction\",\"target\":{\"@type\":\"EntryPoint\",\"urlTemplate\":\"https:\/\/mooshbakery.shop\/alejandra\/?s={search_term_string}\"},\"query-input\":{\"@type\":\"PropertyValueSpecification\",\"valueRequired\":true,\"valueName\":\"search_term_string\"}}],\"inLanguage\":\"es\"}]}<\/script>\n<!-- \/ Yoast SEO plugin. -->","yoast_head_json":{"title":"Preguntas frecuentes - Moosh Bakery - Pasteler\u00eda y Reposter\u00eda","robots":{"index":"index","follow":"follow","max-snippet":"max-snippet:-1","max-image-preview":"max-image-preview:large","max-video-preview":"max-video-preview:-1"},"canonical":"https:\/\/mooshbakery.shop\/alejandra\/preguntas-frecuentes\/","og_locale":"es_ES","og_type":"article","og_title":"Preguntas frecuentes - Moosh Bakery - Pasteler\u00eda y Reposter\u00eda","og_url":"https:\/\/mooshbakery.shop\/alejandra\/preguntas-frecuentes\/","og_site_name":"Moosh Bakery - Pasteler\u00eda y Reposter\u00eda","article_modified_time":"2026-04-11T13:37:52+00:00","twitter_card":"summary_large_image","schema":{"@context":"https:\/\/schema.org","@graph":[{"@type":"WebPage","@id":"https:\/\/mooshbakery.shop\/alejandra\/preguntas-frecuentes\/","url":"https:\/\/mooshbakery.shop\/alejandra\/preguntas-frecuentes\/","name":"Preguntas frecuentes - Moosh Bakery - Pasteler\u00eda y Reposter\u00eda","isPartOf":{"@id":"https:\/\/mooshbakery.shop\/alejandra\/#website"},"datePublished":"2026-04-11T13:10:44+00:00","dateModified":"2026-04-11T13:37:52+00:00","breadcrumb":{"@id":"https:\/\/mooshbakery.shop\/alejandra\/preguntas-frecuentes\/#breadcrumb"},"inLanguage":"es","potentialAction":[{"@type":"ReadAction","target":["https:\/\/mooshbakery.shop\/alejandra\/preguntas-frecuentes\/"]}]},{"@type":"BreadcrumbList","@id":"https:\/\/mooshbakery.shop\/alejandra\/preguntas-frecuentes\/#breadcrumb","itemListElement":[{"@type":"ListItem","position":1,"name":"Portada","item":"https:\/\/mooshbakery.shop\/alejandra\/"},{"@type":"ListItem","position":2,"name":"Preguntas frecuentes"}]},{"@type":"WebSite","@id":"https:\/\/mooshbakery.shop\/alejandra\/#website","url":"https:\/\/mooshbakery.shop\/alejandra\/","name":"Moosh Bakery - Pasteler\u00eda y Reposter\u00eda","description":"","potentialAction":[{"@type":"SearchAction","target":{"@type":"EntryPoint","urlTemplate":"https:\/\/mooshbakery.shop\/alejandra\/?s={search_term_string}"},"query-input":{"@type":"PropertyValueSpecification","valueRequired":true,"valueName":"search_term_string"}}],"inLanguage":"es"}]}},"_links":{"self":[{"href":"https:\/\/mooshbakery.shop\/alejandra\/wp-json\/wp\/v2\/pages\/166","targetHints":{"allow":["GET"]}}],"collection":[{"href":"https:\/\/mooshbakery.shop\/alejandra\/wp-json\/wp\/v2\/pages"}],"about":[{"href":"https:\/\/mooshbakery.shop\/alejandra\/wp-json\/wp\/v2\/types\/page"}],"author":[{"embeddable":true,"href":"https:\/\/mooshbakery.shop\/alejandra\/wp-json\/wp\/v2\/users\/1"}],"replies":[{"embeddable":true,"href":"https:\/\/mooshbakery.shop\/alejandra\/wp-json\/wp\/v2\/comments?post=166"}],"version-history":[{"count":8,"href":"https:\/\/mooshbakery.shop\/alejandra\/wp-json\/wp\/v2\/pages\/166\/revisions"}],"predecessor-version":[{"id":175,"href":"https:\/\/mooshbakery.shop\/alejandra\/wp-json\/wp\/v2\/pages\/166\/revisions\/175"}],"wp:attachment":[{"href":"https:\/\/mooshbakery.shop\/alejandra\/wp-json\/wp\/v2\/media?parent=166"}],"curies":[{"name":"wp","href":"https:\/\/api.w.org\/{rel}","templated":true}]}}