{"id":21,"date":"2026-03-21T17:06:52","date_gmt":"2026-03-21T16:06:52","guid":{"rendered":"https:\/\/mooshbakery.shop\/alejandra\/?page_id=21"},"modified":"2026-04-11T22:27:02","modified_gmt":"2026-04-11T20:27:02","slug":"donde-estamos","status":"publish","type":"page","link":"https:\/\/mooshbakery.shop\/alejandra\/donde-estamos\/","title":{"rendered":"\u00bfD\u00f3nde estamos?"},"content":{"rendered":"\n\t<section class=\"section dark\" id=\"section_48571272\">\n\t\t<div class=\"section-bg fill\" >\n\t\t\t<img fetchpriority=\"high\" decoding=\"async\" width=\"1000\" height=\"1000\" src=\"https:\/\/mooshbakery.shop\/alejandra\/wp-content\/uploads\/2026\/03\/postres-moosh_1_.avif\" class=\"bg attachment- size-\" alt=\"Postres Moosh Bakery\" \/>\t\t\t\t\t\t<div class=\"section-bg-overlay absolute fill\"><\/div>\n\t\t\t\n\n\t\t<\/div>\n\n\t\t\n\n\t\t<div class=\"section-content relative\">\n\t\t\t\n<div class=\"row\"  id=\"row-1253399550\">\n\n\t<div id=\"col-1266139716\" class=\"col small-12 large-12\"  >\n\t\t\t\t<div class=\"col-inner text-center\"  >\n\t\t\t\n\t\t\t\n\t<div id=\"text-3847401129\" class=\"text\">\n\t\t\n<h1 style=\"font-size: 200%;\">\u00bfD\u00f3nde estamos?<\/h1>\n<p data-start=\"205\" data-end=\"331\">\u00a0<\/p>\n\t\t\n<style>\n#text-3847401129 {\n  font-size: 1.6rem;\n}\n<\/style>\n\t<\/div>\n\t\n\t\t<\/div>\n\t\t\t\t\n<style>\n#col-1266139716 > .col-inner {\n  padding: 20px 0px 0px 0px;\n}\n<\/style>\n\t<\/div>\n\n\t\n<\/div>\n\t\t<\/div>\n\n\t\t\n<style>\n#section_48571272 {\n  padding-top: 140px;\n  padding-bottom: 140px;\n  background-color: rgb(40, 40, 40);\n}\n#section_48571272 .section-bg-overlay {\n  background-color: rgba(0, 0, 0, 0.3);\n}\n#section_48571272 .section-bg img {\n  object-position: 48% 50%;\n}\n<\/style>\n\t<\/section>\n\t\n\n\t<section class=\"section\" id=\"section_1522769414\">\n\t\t<div class=\"section-bg fill\" >\n\t\t\t\t\t\t\t\t\t\n\t\t\t\n\n\t\t<\/div>\n\n\t\t\n\n\t\t<div class=\"section-content relative\">\n\t\t\t\n<div class=\"row\"  id=\"row-1187553827\">\n\n\t<div id=\"col-1933712304\" class=\"col small-12 large-12\"  >\n\t\t\t\t<div class=\"col-inner\"  >\n\t\t\t\n\t\t\t\n<div class=\"row align-equal\"  id=\"row-738884873\">\n\n\t<div id=\"col-2084169564\" class=\"col medium-6 small-12 large-6\"  >\n\t\t\t\t<div class=\"col-inner text-center\" style=\"background-color:#879cdd;\" >\n\t\t\t\n\t\t\t\n\n\t\t<div class=\"icon-box featured-box icon-box-center text-center\"  >\n\t\t\t\t<div class=\"icon-box-text last-reset\">\n\t\t\t\t\t\t\t\t\t\n\t<div id=\"text-3405251221\" class=\"text\">\n\t\t\n<h4><strong>Direcci\u00f3n:<\/strong><\/h4>\n<p>km 2, v\u00eda Cali &#8211; Jamund\u00ed, Calle 25 # 115-85<\/p>\n\t\t\n<style>\n#text-3405251221 {\n  color: rgb(255, 255, 255);\n}\n#text-3405251221 > * {\n  color: rgb(255, 255, 255);\n}\n<\/style>\n\t<\/div>\n\t\n\t<div id=\"gap-1155526024\" class=\"gap-element clearfix\" style=\"display:block; height:auto;\">\n\t\t\n<style>\n#gap-1155526024 {\n  padding-top: 20px;\n}\n<\/style>\n\t<\/div>\n\t\n\t\t<\/div>\n\t<\/div>\n\t\n\t\n\t\t<\/div>\n\t\t\t\t\n<style>\n#col-2084169564 > .col-inner {\n  padding: 0px 30px 0px 30px;\n}\n<\/style>\n\t<\/div>\n\n\t\n\n\t<div id=\"col-2078748014\" class=\"col medium-6 small-12 large-6\"  >\n\t\t\t\t<div class=\"col-inner text-center\" style=\"background-color:#879cdd;\" >\n\t\t\t\n\t\t\t\n\n\t\t<div class=\"icon-box featured-box icon-box-center text-center\"  >\n\t\t\t\t<div class=\"icon-box-text last-reset\">\n\t\t\t\t\t\t\t\t\t\n\t<div id=\"text-1427487693\" class=\"text\">\n\t\t\n<h4><strong>Horarios de atenci\u00f3n:<\/strong><\/h4>\n<p>Lunes a Viernes de 8:00AM \u2013 5:00PM<\/p>\n<p>Sabados: 8:00AM \u2013 12:00PM<\/p>\n\t\t\n<style>\n#text-1427487693 {\n  color: #ffffff;\n}\n#text-1427487693 > * {\n  color: #ffffff;\n}\n<\/style>\n\t<\/div>\n\t\n\t<div id=\"gap-1876786333\" class=\"gap-element clearfix\" style=\"display:block; height:auto;\">\n\t\t\n<style>\n#gap-1876786333 {\n  padding-top: 20px;\n}\n<\/style>\n\t<\/div>\n\t\n\t\t<\/div>\n\t<\/div>\n\t\n\t\n\t\t<\/div>\n\t\t\t\t\t<\/div>\n\n\t\n\n\t<div id=\"col-1876895234\" class=\"col small-12 large-12\"  >\n\t\t\t\t<div class=\"col-inner text-left\"  >\n\t\t\t\n\t\t\t\n\n<p><iframe src=\"https:\/\/www.google.com\/maps\/d\/u\/0\/embed?mid=17uhQwBYxUqLWPWqKfEQxoN2Q3lU_KK8&#038;ehbc=2E312F&#038;noprof=1\" width=\"100%\" height=\"480\"><\/iframe><br \/>\n\n\t\t<\/div>\n\t\t\t\t\t<\/div>\n\n\t\n\n<style>\n#row-738884873 > .col > .col-inner {\n  padding: 40px 40px 40px 40px;\n  background-color: rgb(255,255,255);\n}\n<\/style>\n<\/div>\n\t\t<\/div>\n\t\t\t\t\n<style>\n#col-1933712304 > .col-inner {\n  margin: -100px 0px 0px 0px;\n}\n<\/style>\n\t<\/div>\n\n\t\n<\/div>\n<div class=\"row\"  id=\"row-388456903\">\n\n\t<div id=\"col-795979310\" class=\"col small-12 large-12\"  >\n\t\t\t\t<div class=\"col-inner text-center\"  >\n\t\t\t\n\t\t\t\n\t\t<\/div>\n\t\t\t\t\t<\/div>\n\n\t\n<\/div>\n\t\t<\/div>\n\n\t\t\n<style>\n#section_1522769414 {\n  padding-top: 30px;\n  padding-bottom: 30px;\n  background-color: rgb(255, 255, 255);\n}\n<\/style>\n\t<\/section>\n\t\n","protected":false},"excerpt":{"rendered":"","protected":false},"author":1,"featured_media":0,"parent":0,"menu_order":0,"comment_status":"closed","ping_status":"closed","template":"","meta":{"_joinchat":[],"footnotes":""},"class_list":["post-21","page","type-page","status-publish","hentry"],"yoast_head":"<!-- This site is optimized with the Yoast SEO plugin v27.2 - https:\/\/yoast.com\/product\/yoast-seo-wordpress\/ -->\n<title>\u00bfD\u00f3nde estamos? - Moosh Bakery - Pasteler\u00eda y Reposter\u00eda<\/title>\n<meta name=\"robots\" content=\"index, follow, max-snippet:-1, max-image-preview:large, max-video-preview:-1\" \/>\n<link rel=\"canonical\" href=\"https:\/\/mooshbakery.shop\/alejandra\/donde-estamos\/\" \/>\n<meta property=\"og:locale\" content=\"es_ES\" \/>\n<meta property=\"og:type\" content=\"article\" \/>\n<meta property=\"og:title\" content=\"\u00bfD\u00f3nde estamos? - Moosh Bakery - Pasteler\u00eda y Reposter\u00eda\" \/>\n<meta property=\"og:url\" content=\"https:\/\/mooshbakery.shop\/alejandra\/donde-estamos\/\" \/>\n<meta property=\"og:site_name\" content=\"Moosh Bakery - Pasteler\u00eda y Reposter\u00eda\" \/>\n<meta property=\"article:modified_time\" content=\"2026-04-11T20:27:02+00:00\" \/>\n<meta name=\"twitter:card\" content=\"summary_large_image\" \/>\n<meta name=\"twitter:label1\" content=\"Tiempo de lectura\" \/>\n\t<meta name=\"twitter:data1\" content=\"1 minuto\" \/>\n<script type=\"application\/ld+json\" class=\"yoast-schema-graph\">{\"@context\":\"https:\/\/schema.org\",\"@graph\":[{\"@type\":\"WebPage\",\"@id\":\"https:\/\/mooshbakery.shop\/alejandra\/donde-estamos\/\",\"url\":\"https:\/\/mooshbakery.shop\/alejandra\/donde-estamos\/\",\"name\":\"\u00bfD\u00f3nde estamos? - Moosh Bakery - Pasteler\u00eda y Reposter\u00eda\",\"isPartOf\":{\"@id\":\"https:\/\/mooshbakery.shop\/alejandra\/#website\"},\"datePublished\":\"2026-03-21T16:06:52+00:00\",\"dateModified\":\"2026-04-11T20:27:02+00:00\",\"breadcrumb\":{\"@id\":\"https:\/\/mooshbakery.shop\/alejandra\/donde-estamos\/#breadcrumb\"},\"inLanguage\":\"es\",\"potentialAction\":[{\"@type\":\"ReadAction\",\"target\":[\"https:\/\/mooshbakery.shop\/alejandra\/donde-estamos\/\"]}]},{\"@type\":\"BreadcrumbList\",\"@id\":\"https:\/\/mooshbakery.shop\/alejandra\/donde-estamos\/#breadcrumb\",\"itemListElement\":[{\"@type\":\"ListItem\",\"position\":1,\"name\":\"Portada\",\"item\":\"https:\/\/mooshbakery.shop\/alejandra\/\"},{\"@type\":\"ListItem\",\"position\":2,\"name\":\"\u00bfD\u00f3nde estamos?\"}]},{\"@type\":\"WebSite\",\"@id\":\"https:\/\/mooshbakery.shop\/alejandra\/#website\",\"url\":\"https:\/\/mooshbakery.shop\/alejandra\/\",\"name\":\"Moosh Bakery - Pasteler\u00eda y Reposter\u00eda\",\"description\":\"\",\"potentialAction\":[{\"@type\":\"SearchAction\",\"target\":{\"@type\":\"EntryPoint\",\"urlTemplate\":\"https:\/\/mooshbakery.shop\/alejandra\/?s={search_term_string}\"},\"query-input\":{\"@type\":\"PropertyValueSpecification\",\"valueRequired\":true,\"valueName\":\"search_term_string\"}}],\"inLanguage\":\"es\"}]}<\/script>\n<!-- \/ Yoast SEO plugin. -->","yoast_head_json":{"title":"\u00bfD\u00f3nde estamos? - Moosh Bakery - Pasteler\u00eda y Reposter\u00eda","robots":{"index":"index","follow":"follow","max-snippet":"max-snippet:-1","max-image-preview":"max-image-preview:large","max-video-preview":"max-video-preview:-1"},"canonical":"https:\/\/mooshbakery.shop\/alejandra\/donde-estamos\/","og_locale":"es_ES","og_type":"article","og_title":"\u00bfD\u00f3nde estamos? - Moosh Bakery - Pasteler\u00eda y Reposter\u00eda","og_url":"https:\/\/mooshbakery.shop\/alejandra\/donde-estamos\/","og_site_name":"Moosh Bakery - Pasteler\u00eda y Reposter\u00eda","article_modified_time":"2026-04-11T20:27:02+00:00","twitter_card":"summary_large_image","twitter_misc":{"Tiempo de lectura":"1 minuto"},"schema":{"@context":"https:\/\/schema.org","@graph":[{"@type":"WebPage","@id":"https:\/\/mooshbakery.shop\/alejandra\/donde-estamos\/","url":"https:\/\/mooshbakery.shop\/alejandra\/donde-estamos\/","name":"\u00bfD\u00f3nde estamos? - Moosh Bakery - Pasteler\u00eda y Reposter\u00eda","isPartOf":{"@id":"https:\/\/mooshbakery.shop\/alejandra\/#website"},"datePublished":"2026-03-21T16:06:52+00:00","dateModified":"2026-04-11T20:27:02+00:00","breadcrumb":{"@id":"https:\/\/mooshbakery.shop\/alejandra\/donde-estamos\/#breadcrumb"},"inLanguage":"es","potentialAction":[{"@type":"ReadAction","target":["https:\/\/mooshbakery.shop\/alejandra\/donde-estamos\/"]}]},{"@type":"BreadcrumbList","@id":"https:\/\/mooshbakery.shop\/alejandra\/donde-estamos\/#breadcrumb","itemListElement":[{"@type":"ListItem","position":1,"name":"Portada","item":"https:\/\/mooshbakery.shop\/alejandra\/"},{"@type":"ListItem","position":2,"name":"\u00bfD\u00f3nde estamos?"}]},{"@type":"WebSite","@id":"https:\/\/mooshbakery.shop\/alejandra\/#website","url":"https:\/\/mooshbakery.shop\/alejandra\/","name":"Moosh Bakery - Pasteler\u00eda y Reposter\u00eda","description":"","potentialAction":[{"@type":"SearchAction","target":{"@type":"EntryPoint","urlTemplate":"https:\/\/mooshbakery.shop\/alejandra\/?s={search_term_string}"},"query-input":{"@type":"PropertyValueSpecification","valueRequired":true,"valueName":"search_term_string"}}],"inLanguage":"es"}]}},"_links":{"self":[{"href":"https:\/\/mooshbakery.shop\/alejandra\/wp-json\/wp\/v2\/pages\/21","targetHints":{"allow":["GET"]}}],"collection":[{"href":"https:\/\/mooshbakery.shop\/alejandra\/wp-json\/wp\/v2\/pages"}],"about":[{"href":"https:\/\/mooshbakery.shop\/alejandra\/wp-json\/wp\/v2\/types\/page"}],"author":[{"embeddable":true,"href":"https:\/\/mooshbakery.shop\/alejandra\/wp-json\/wp\/v2\/users\/1"}],"replies":[{"embeddable":true,"href":"https:\/\/mooshbakery.shop\/alejandra\/wp-json\/wp\/v2\/comments?post=21"}],"version-history":[{"count":17,"href":"https:\/\/mooshbakery.shop\/alejandra\/wp-json\/wp\/v2\/pages\/21\/revisions"}],"predecessor-version":[{"id":226,"href":"https:\/\/mooshbakery.shop\/alejandra\/wp-json\/wp\/v2\/pages\/21\/revisions\/226"}],"wp:attachment":[{"href":"https:\/\/mooshbakery.shop\/alejandra\/wp-json\/wp\/v2\/media?parent=21"}],"curies":[{"name":"wp","href":"https:\/\/api.w.org\/{rel}","templated":true}]}}