{"id":53,"date":"2026-03-28T01:11:38","date_gmt":"2026-03-28T00:11:38","guid":{"rendered":"https:\/\/mooshbakery.shop\/alejandra\/?post_type=product&#038;p=53"},"modified":"2026-03-28T02:55:18","modified_gmt":"2026-03-28T01:55:18","slug":"volcan-de-caramelo","status":"publish","type":"product","link":"https:\/\/mooshbakery.shop\/alejandra\/producto\/volcan-de-caramelo\/","title":{"rendered":"Volc\u00e1n de Caramelo"},"content":{"rendered":"","protected":false},"excerpt":{"rendered":"<p>Descubre el irresistible volc\u00e1n de caramelo, un delicioso pastel que combina un suave relleno y una cobertura de caramelo que har\u00e1 que tus sentidos exploten. Est\u00e1 dise\u00f1ado para 15 porciones, ideal para celebraciones o simplemente para disfrutar en casa.<\/p>\n","protected":false},"featured_media":54,"comment_status":"open","ping_status":"closed","template":"","meta":{"_joinchat":[]},"product_brand":[],"product_cat":[17],"product_tag":[],"class_list":{"0":"post-53","1":"product","2":"type-product","3":"status-publish","4":"has-post-thumbnail","6":"product_cat-tortas","8":"first","9":"instock","10":"sale","11":"shipping-taxable","12":"purchasable","13":"product-type-simple"},"yoast_head":"<!-- This site is optimized with the Yoast SEO plugin v27.2 - https:\/\/yoast.com\/product\/yoast-seo-wordpress\/ -->\n<title>Volc\u00e1n de Caramelo - Moosh Bakery - Pasteler\u00eda y Reposter\u00eda<\/title>\n<meta name=\"robots\" content=\"index, follow, max-snippet:-1, max-image-preview:large, max-video-preview:-1\" \/>\n<link rel=\"canonical\" href=\"https:\/\/mooshbakery.shop\/alejandra\/producto\/volcan-de-caramelo\/\" \/>\n<meta property=\"og:locale\" content=\"es_ES\" \/>\n<meta property=\"og:type\" content=\"article\" \/>\n<meta property=\"og:title\" content=\"Volc\u00e1n de Caramelo - Moosh Bakery - Pasteler\u00eda y Reposter\u00eda\" \/>\n<meta property=\"og:description\" content=\"Descubre el irresistible volc\u00e1n de caramelo, un delicioso pastel que combina un suave relleno y una cobertura de caramelo que har\u00e1 que tus sentidos exploten. Est\u00e1 dise\u00f1ado para 15 porciones, ideal para celebraciones o simplemente para disfrutar en casa.\" \/>\n<meta property=\"og:url\" content=\"https:\/\/mooshbakery.shop\/alejandra\/producto\/volcan-de-caramelo\/\" \/>\n<meta property=\"og:site_name\" content=\"Moosh Bakery - Pasteler\u00eda y Reposter\u00eda\" \/>\n<meta property=\"article:modified_time\" content=\"2026-03-28T01:55:18+00:00\" \/>\n<meta name=\"twitter:card\" content=\"summary_large_image\" \/>\n<script type=\"application\/ld+json\" class=\"yoast-schema-graph\">{\"@context\":\"https:\/\/schema.org\",\"@graph\":[{\"@type\":\"WebPage\",\"@id\":\"https:\/\/mooshbakery.shop\/alejandra\/producto\/volcan-de-caramelo\/\",\"url\":\"https:\/\/mooshbakery.shop\/alejandra\/producto\/volcan-de-caramelo\/\",\"name\":\"Volc\u00e1n de Caramelo - Moosh Bakery - Pasteler\u00eda y Reposter\u00eda\",\"isPartOf\":{\"@id\":\"https:\/\/mooshbakery.shop\/alejandra\/#website\"},\"primaryImageOfPage\":{\"@id\":\"https:\/\/mooshbakery.shop\/alejandra\/producto\/volcan-de-caramelo\/#primaryimage\"},\"image\":{\"@id\":\"https:\/\/mooshbakery.shop\/alejandra\/producto\/volcan-de-caramelo\/#primaryimage\"},\"thumbnailUrl\":\"https:\/\/mooshbakery.shop\/alejandra\/wp-content\/uploads\/2026\/03\/WhatsApp-Image-2026-03-21-at-12.34.19-PM-_1_.avif\",\"datePublished\":\"2026-03-28T00:11:38+00:00\",\"dateModified\":\"2026-03-28T01:55:18+00:00\",\"breadcrumb\":{\"@id\":\"https:\/\/mooshbakery.shop\/alejandra\/producto\/volcan-de-caramelo\/#breadcrumb\"},\"inLanguage\":\"es\",\"potentialAction\":[{\"@type\":\"ReadAction\",\"target\":[\"https:\/\/mooshbakery.shop\/alejandra\/producto\/volcan-de-caramelo\/\"]}]},{\"@type\":\"ImageObject\",\"inLanguage\":\"es\",\"@id\":\"https:\/\/mooshbakery.shop\/alejandra\/producto\/volcan-de-caramelo\/#primaryimage\",\"url\":\"https:\/\/mooshbakery.shop\/alejandra\/wp-content\/uploads\/2026\/03\/WhatsApp-Image-2026-03-21-at-12.34.19-PM-_1_.avif\",\"contentUrl\":\"https:\/\/mooshbakery.shop\/alejandra\/wp-content\/uploads\/2026\/03\/WhatsApp-Image-2026-03-21-at-12.34.19-PM-_1_.avif\",\"width\":1000,\"height\":1000,\"caption\":\"volc\u00e1n de caramelo 1\"},{\"@type\":\"BreadcrumbList\",\"@id\":\"https:\/\/mooshbakery.shop\/alejandra\/producto\/volcan-de-caramelo\/#breadcrumb\",\"itemListElement\":[{\"@type\":\"ListItem\",\"position\":1,\"name\":\"Portada\",\"item\":\"https:\/\/mooshbakery.shop\/alejandra\/\"},{\"@type\":\"ListItem\",\"position\":2,\"name\":\"Tienda\",\"item\":\"https:\/\/mooshbakery.shop\/alejandra\/tienda\/\"},{\"@type\":\"ListItem\",\"position\":3,\"name\":\"Volc\u00e1n de Caramelo\"}]},{\"@type\":\"WebSite\",\"@id\":\"https:\/\/mooshbakery.shop\/alejandra\/#website\",\"url\":\"https:\/\/mooshbakery.shop\/alejandra\/\",\"name\":\"Moosh Bakery - Pasteler\u00eda y Reposter\u00eda\",\"description\":\"\",\"potentialAction\":[{\"@type\":\"SearchAction\",\"target\":{\"@type\":\"EntryPoint\",\"urlTemplate\":\"https:\/\/mooshbakery.shop\/alejandra\/?s={search_term_string}\"},\"query-input\":{\"@type\":\"PropertyValueSpecification\",\"valueRequired\":true,\"valueName\":\"search_term_string\"}}],\"inLanguage\":\"es\"}]}<\/script>\n<!-- \/ Yoast SEO plugin. -->","yoast_head_json":{"title":"Volc\u00e1n de Caramelo - Moosh Bakery - Pasteler\u00eda y Reposter\u00eda","robots":{"index":"index","follow":"follow","max-snippet":"max-snippet:-1","max-image-preview":"max-image-preview:large","max-video-preview":"max-video-preview:-1"},"canonical":"https:\/\/mooshbakery.shop\/alejandra\/producto\/volcan-de-caramelo\/","og_locale":"es_ES","og_type":"article","og_title":"Volc\u00e1n de Caramelo - Moosh Bakery - Pasteler\u00eda y Reposter\u00eda","og_description":"Descubre el irresistible volc\u00e1n de caramelo, un delicioso pastel que combina un suave relleno y una cobertura de caramelo que har\u00e1 que tus sentidos exploten. Est\u00e1 dise\u00f1ado para 15 porciones, ideal para celebraciones o simplemente para disfrutar en casa.","og_url":"https:\/\/mooshbakery.shop\/alejandra\/producto\/volcan-de-caramelo\/","og_site_name":"Moosh Bakery - Pasteler\u00eda y Reposter\u00eda","article_modified_time":"2026-03-28T01:55:18+00:00","twitter_card":"summary_large_image","schema":{"@context":"https:\/\/schema.org","@graph":[{"@type":"WebPage","@id":"https:\/\/mooshbakery.shop\/alejandra\/producto\/volcan-de-caramelo\/","url":"https:\/\/mooshbakery.shop\/alejandra\/producto\/volcan-de-caramelo\/","name":"Volc\u00e1n de Caramelo - Moosh Bakery - Pasteler\u00eda y Reposter\u00eda","isPartOf":{"@id":"https:\/\/mooshbakery.shop\/alejandra\/#website"},"primaryImageOfPage":{"@id":"https:\/\/mooshbakery.shop\/alejandra\/producto\/volcan-de-caramelo\/#primaryimage"},"image":{"@id":"https:\/\/mooshbakery.shop\/alejandra\/producto\/volcan-de-caramelo\/#primaryimage"},"thumbnailUrl":"https:\/\/mooshbakery.shop\/alejandra\/wp-content\/uploads\/2026\/03\/WhatsApp-Image-2026-03-21-at-12.34.19-PM-_1_.avif","datePublished":"2026-03-28T00:11:38+00:00","dateModified":"2026-03-28T01:55:18+00:00","breadcrumb":{"@id":"https:\/\/mooshbakery.shop\/alejandra\/producto\/volcan-de-caramelo\/#breadcrumb"},"inLanguage":"es","potentialAction":[{"@type":"ReadAction","target":["https:\/\/mooshbakery.shop\/alejandra\/producto\/volcan-de-caramelo\/"]}]},{"@type":"ImageObject","inLanguage":"es","@id":"https:\/\/mooshbakery.shop\/alejandra\/producto\/volcan-de-caramelo\/#primaryimage","url":"https:\/\/mooshbakery.shop\/alejandra\/wp-content\/uploads\/2026\/03\/WhatsApp-Image-2026-03-21-at-12.34.19-PM-_1_.avif","contentUrl":"https:\/\/mooshbakery.shop\/alejandra\/wp-content\/uploads\/2026\/03\/WhatsApp-Image-2026-03-21-at-12.34.19-PM-_1_.avif","width":1000,"height":1000,"caption":"volc\u00e1n de caramelo 1"},{"@type":"BreadcrumbList","@id":"https:\/\/mooshbakery.shop\/alejandra\/producto\/volcan-de-caramelo\/#breadcrumb","itemListElement":[{"@type":"ListItem","position":1,"name":"Portada","item":"https:\/\/mooshbakery.shop\/alejandra\/"},{"@type":"ListItem","position":2,"name":"Tienda","item":"https:\/\/mooshbakery.shop\/alejandra\/tienda\/"},{"@type":"ListItem","position":3,"name":"Volc\u00e1n de Caramelo"}]},{"@type":"WebSite","@id":"https:\/\/mooshbakery.shop\/alejandra\/#website","url":"https:\/\/mooshbakery.shop\/alejandra\/","name":"Moosh Bakery - Pasteler\u00eda y Reposter\u00eda","description":"","potentialAction":[{"@type":"SearchAction","target":{"@type":"EntryPoint","urlTemplate":"https:\/\/mooshbakery.shop\/alejandra\/?s={search_term_string}"},"query-input":{"@type":"PropertyValueSpecification","valueRequired":true,"valueName":"search_term_string"}}],"inLanguage":"es"}]}},"_links":{"self":[{"href":"https:\/\/mooshbakery.shop\/alejandra\/wp-json\/wp\/v2\/product\/53","targetHints":{"allow":["GET"]}}],"collection":[{"href":"https:\/\/mooshbakery.shop\/alejandra\/wp-json\/wp\/v2\/product"}],"about":[{"href":"https:\/\/mooshbakery.shop\/alejandra\/wp-json\/wp\/v2\/types\/product"}],"replies":[{"embeddable":true,"href":"https:\/\/mooshbakery.shop\/alejandra\/wp-json\/wp\/v2\/comments?post=53"}],"wp:featuredmedia":[{"embeddable":true,"href":"https:\/\/mooshbakery.shop\/alejandra\/wp-json\/wp\/v2\/media\/54"}],"wp:attachment":[{"href":"https:\/\/mooshbakery.shop\/alejandra\/wp-json\/wp\/v2\/media?parent=53"}],"wp:term":[{"taxonomy":"product_brand","embeddable":true,"href":"https:\/\/mooshbakery.shop\/alejandra\/wp-json\/wp\/v2\/product_brand?post=53"},{"taxonomy":"product_cat","embeddable":true,"href":"https:\/\/mooshbakery.shop\/alejandra\/wp-json\/wp\/v2\/product_cat?post=53"},{"taxonomy":"product_tag","embeddable":true,"href":"https:\/\/mooshbakery.shop\/alejandra\/wp-json\/wp\/v2\/product_tag?post=53"}],"curies":[{"name":"wp","href":"https:\/\/api.w.org\/{rel}","templated":true}]}}