{"id":30,"date":"2026-03-21T17:07:40","date_gmt":"2026-03-21T16:07:40","guid":{"rendered":"https:\/\/mooshbakery.shop\/isabella\/?page_id=30"},"modified":"2026-04-11T15:43:43","modified_gmt":"2026-04-11T13:43:43","slug":"preguntas-frecuentes","status":"publish","type":"page","link":"https:\/\/mooshbakery.shop\/isabella\/preguntas-frecuentes\/","title":{"rendered":"Preguntas Frecuentes"},"content":{"rendered":"<div class=\"container section-title-container\" ><h1 class=\"section-title section-title-center\"><b aria-hidden=\"true\"><\/b><span class=\"section-title-main\" ><i class=\"icon-angle-down\" aria-hidden=\"true\"><\/i>Preguntas frecuentes<\/span><b aria-hidden=\"true\"><\/b><\/h1><\/div>\n<div class=\"accordion\">\n\t<div id=\"accordion-2883042346\" class=\"accordion-item\">\n\t\t<a id=\"accordion-2883042346-label\" class=\"accordion-title plain\" href=\"#accordion-item-\u00bfcon-cu\u00e1ntos-d\u00edas-de-anticipaci\u00f3n-debo-realizar-el-pedido?\" aria-expanded=\"false\" aria-controls=\"accordion-2883042346-content\">\n\t\t\t<button class=\"toggle\" aria-label=\"Toggle\"><i class=\"icon-angle-down\" aria-hidden=\"true\"><\/i><\/button>\n\t\t\t<span>\u00bfCon cu\u00e1ntos d\u00edas de anticipaci\u00f3n debo realizar el pedido?<\/span>\n\t\t<\/a>\n\t\t<div id=\"accordion-2883042346-content\" class=\"accordion-inner\" aria-labelledby=\"accordion-2883042346-label\">\n\t\t\t\n<p>Todos nuestros productos son horneados diariamente, por eso todos los pedidos los manejamos <strong>bajo encargo,<\/strong> para tortas cl\u00e1sicas solicitamos una anticipaci\u00f3n de 2 d\u00edas y para pedidos personalizados solicitamos m\u00ednimo 3 d\u00edas, pero esta sujeto a la complejidad de la decoraci\u00f3n.<\/p>\n\t\t<\/div>\n\t<\/div>\n\t\n\t<div id=\"accordion-747320873\" class=\"accordion-item\">\n\t\t<a id=\"accordion-747320873-label\" class=\"accordion-title plain\" href=\"#accordion-item-\u00bfmanejan-tortas-en-pastillaje?\" aria-expanded=\"false\" aria-controls=\"accordion-747320873-content\">\n\t\t\t<button class=\"toggle\" aria-label=\"Toggle\"><i class=\"icon-angle-down\" aria-hidden=\"true\"><\/i><\/button>\n\t\t\t<span>\u00bfManejan tortas en pastillaje?<\/span>\n\t\t<\/a>\n\t\t<div id=\"accordion-747320873-content\" class=\"accordion-inner\" aria-labelledby=\"accordion-747320873-label\">\n\t\t\t\n\t\t<\/div>\n\t<\/div>\n\t\n\t<div id=\"accordion-2545031565\" class=\"accordion-item\">\n\t\t<a id=\"accordion-2545031565-label\" class=\"accordion-title plain\" href=\"#accordion-item-si-quiero-un-pastel-personalizado,-\u00bfd\u00f3nde-puedo-buscar-ideas?\" aria-expanded=\"false\" aria-controls=\"accordion-2545031565-content\">\n\t\t\t<button class=\"toggle\" aria-label=\"Toggle\"><i class=\"icon-angle-down\" aria-hidden=\"true\"><\/i><\/button>\n\t\t\t<span>Si quiero un pastel personalizado, \u00bfd\u00f3nde puedo buscar ideas?<\/span>\n\t\t<\/a>\n\t\t<div id=\"accordion-2545031565-content\" class=\"accordion-inner\" aria-labelledby=\"accordion-2545031565-label\">\n\t\t\t\n\t\t<\/div>\n\t<\/div>\n\t\n\t<div id=\"accordion-2964250758\" class=\"accordion-item\">\n\t\t<a id=\"accordion-2964250758-label\" class=\"accordion-title plain\" href=\"#accordion-item-\u00bfhacen-env\u00edos?\" aria-expanded=\"false\" aria-controls=\"accordion-2964250758-content\">\n\t\t\t<button class=\"toggle\" aria-label=\"Toggle\"><i class=\"icon-angle-down\" aria-hidden=\"true\"><\/i><\/button>\n\t\t\t<span>\u00bfHacen env\u00edos?<\/span>\n\t\t<\/a>\n\t\t<div id=\"accordion-2964250758-content\" class=\"accordion-inner\" aria-labelledby=\"accordion-2964250758-label\">\n\t\t\t\n\t\t<\/div>\n\t<\/div>\n\t\n\t<div id=\"accordion-1250028441\" class=\"accordion-item\">\n\t\t<a id=\"accordion-1250028441-label\" class=\"accordion-title plain\" href=\"#accordion-item-\u00bfqu\u00e9-tama\u00f1os-manejan?\" aria-expanded=\"false\" aria-controls=\"accordion-1250028441-content\">\n\t\t\t<button class=\"toggle\" aria-label=\"Toggle\"><i class=\"icon-angle-down\" aria-hidden=\"true\"><\/i><\/button>\n\t\t\t<span>\u00bfQu\u00e9 tama\u00f1os manejan?<\/span>\n\t\t<\/a>\n\t\t<div id=\"accordion-1250028441-content\" class=\"accordion-inner\" aria-labelledby=\"accordion-1250028441-label\">\n\t\t\t\n\t\t<\/div>\n\t<\/div>\n\t\n\t<div id=\"accordion-1501295254\" class=\"accordion-item\">\n\t\t<a id=\"accordion-1501295254-label\" class=\"accordion-title plain\" href=\"#accordion-item-\u00bfqu\u00e9-sabores-manejan?\" aria-expanded=\"false\" aria-controls=\"accordion-1501295254-content\">\n\t\t\t<button class=\"toggle\" aria-label=\"Toggle\"><i class=\"icon-angle-down\" aria-hidden=\"true\"><\/i><\/button>\n\t\t\t<span>\u00bfQu\u00e9 sabores manejan?<\/span>\n\t\t<\/a>\n\t\t<div id=\"accordion-1501295254-content\" class=\"accordion-inner\" aria-labelledby=\"accordion-1501295254-label\">\n\t\t\t\n\t\t<\/div>\n\t<\/div>\n\t\n<\/div>\n","protected":false},"excerpt":{"rendered":"","protected":false},"author":1,"featured_media":0,"parent":0,"menu_order":0,"comment_status":"closed","ping_status":"closed","template":"","meta":{"_joinchat":[],"footnotes":""},"class_list":["post-30","page","type-page","status-publish","hentry"],"yoast_head":"<!-- This site is optimized with the Yoast SEO plugin v27.3 - https:\/\/yoast.com\/product\/yoast-seo-wordpress\/ -->\n<title>Preguntas Frecuentes - Moosh Bakery<\/title>\n<meta name=\"robots\" content=\"index, follow, max-snippet:-1, max-image-preview:large, max-video-preview:-1\" \/>\n<link rel=\"canonical\" href=\"https:\/\/mooshbakery.shop\/isabella\/preguntas-frecuentes\/\" \/>\n<meta property=\"og:locale\" content=\"es_ES\" \/>\n<meta property=\"og:type\" content=\"article\" \/>\n<meta property=\"og:title\" content=\"Preguntas Frecuentes - Moosh Bakery\" \/>\n<meta property=\"og:url\" content=\"https:\/\/mooshbakery.shop\/isabella\/preguntas-frecuentes\/\" \/>\n<meta property=\"og:site_name\" content=\"Moosh Bakery\" \/>\n<meta property=\"article:modified_time\" content=\"2026-04-11T13:43:43+00:00\" \/>\n<meta name=\"twitter:card\" content=\"summary_large_image\" \/>\n<meta name=\"twitter:label1\" content=\"Tiempo de lectura\" \/>\n\t<meta name=\"twitter:data1\" content=\"1 minuto\" \/>\n<script type=\"application\/ld+json\" class=\"yoast-schema-graph\">{\"@context\":\"https:\\\/\\\/schema.org\",\"@graph\":[{\"@type\":\"WebPage\",\"@id\":\"https:\\\/\\\/mooshbakery.shop\\\/isabella\\\/preguntas-frecuentes\\\/\",\"url\":\"https:\\\/\\\/mooshbakery.shop\\\/isabella\\\/preguntas-frecuentes\\\/\",\"name\":\"Preguntas Frecuentes - Moosh Bakery\",\"isPartOf\":{\"@id\":\"https:\\\/\\\/mooshbakery.shop\\\/isabella\\\/#website\"},\"datePublished\":\"2026-03-21T16:07:40+00:00\",\"dateModified\":\"2026-04-11T13:43:43+00:00\",\"breadcrumb\":{\"@id\":\"https:\\\/\\\/mooshbakery.shop\\\/isabella\\\/preguntas-frecuentes\\\/#breadcrumb\"},\"inLanguage\":\"es\",\"potentialAction\":[{\"@type\":\"ReadAction\",\"target\":[\"https:\\\/\\\/mooshbakery.shop\\\/isabella\\\/preguntas-frecuentes\\\/\"]}]},{\"@type\":\"BreadcrumbList\",\"@id\":\"https:\\\/\\\/mooshbakery.shop\\\/isabella\\\/preguntas-frecuentes\\\/#breadcrumb\",\"itemListElement\":[{\"@type\":\"ListItem\",\"position\":1,\"name\":\"Portada\",\"item\":\"https:\\\/\\\/mooshbakery.shop\\\/isabella\\\/\"},{\"@type\":\"ListItem\",\"position\":2,\"name\":\"Preguntas Frecuentes\"}]},{\"@type\":\"WebSite\",\"@id\":\"https:\\\/\\\/mooshbakery.shop\\\/isabella\\\/#website\",\"url\":\"https:\\\/\\\/mooshbakery.shop\\\/isabella\\\/\",\"name\":\"Moosh Bakery\",\"description\":\"\",\"potentialAction\":[{\"@type\":\"SearchAction\",\"target\":{\"@type\":\"EntryPoint\",\"urlTemplate\":\"https:\\\/\\\/mooshbakery.shop\\\/isabella\\\/?s={search_term_string}\"},\"query-input\":{\"@type\":\"PropertyValueSpecification\",\"valueRequired\":true,\"valueName\":\"search_term_string\"}}],\"inLanguage\":\"es\"}]}<\/script>\n<!-- \/ Yoast SEO plugin. -->","yoast_head_json":{"title":"Preguntas Frecuentes - Moosh Bakery","robots":{"index":"index","follow":"follow","max-snippet":"max-snippet:-1","max-image-preview":"max-image-preview:large","max-video-preview":"max-video-preview:-1"},"canonical":"https:\/\/mooshbakery.shop\/isabella\/preguntas-frecuentes\/","og_locale":"es_ES","og_type":"article","og_title":"Preguntas Frecuentes - Moosh Bakery","og_url":"https:\/\/mooshbakery.shop\/isabella\/preguntas-frecuentes\/","og_site_name":"Moosh Bakery","article_modified_time":"2026-04-11T13:43:43+00:00","twitter_card":"summary_large_image","twitter_misc":{"Tiempo de lectura":"1 minuto"},"schema":{"@context":"https:\/\/schema.org","@graph":[{"@type":"WebPage","@id":"https:\/\/mooshbakery.shop\/isabella\/preguntas-frecuentes\/","url":"https:\/\/mooshbakery.shop\/isabella\/preguntas-frecuentes\/","name":"Preguntas Frecuentes - Moosh Bakery","isPartOf":{"@id":"https:\/\/mooshbakery.shop\/isabella\/#website"},"datePublished":"2026-03-21T16:07:40+00:00","dateModified":"2026-04-11T13:43:43+00:00","breadcrumb":{"@id":"https:\/\/mooshbakery.shop\/isabella\/preguntas-frecuentes\/#breadcrumb"},"inLanguage":"es","potentialAction":[{"@type":"ReadAction","target":["https:\/\/mooshbakery.shop\/isabella\/preguntas-frecuentes\/"]}]},{"@type":"BreadcrumbList","@id":"https:\/\/mooshbakery.shop\/isabella\/preguntas-frecuentes\/#breadcrumb","itemListElement":[{"@type":"ListItem","position":1,"name":"Portada","item":"https:\/\/mooshbakery.shop\/isabella\/"},{"@type":"ListItem","position":2,"name":"Preguntas Frecuentes"}]},{"@type":"WebSite","@id":"https:\/\/mooshbakery.shop\/isabella\/#website","url":"https:\/\/mooshbakery.shop\/isabella\/","name":"Moosh Bakery","description":"","potentialAction":[{"@type":"SearchAction","target":{"@type":"EntryPoint","urlTemplate":"https:\/\/mooshbakery.shop\/isabella\/?s={search_term_string}"},"query-input":{"@type":"PropertyValueSpecification","valueRequired":true,"valueName":"search_term_string"}}],"inLanguage":"es"}]}},"_links":{"self":[{"href":"https:\/\/mooshbakery.shop\/isabella\/wp-json\/wp\/v2\/pages\/30","targetHints":{"allow":["GET"]}}],"collection":[{"href":"https:\/\/mooshbakery.shop\/isabella\/wp-json\/wp\/v2\/pages"}],"about":[{"href":"https:\/\/mooshbakery.shop\/isabella\/wp-json\/wp\/v2\/types\/page"}],"author":[{"embeddable":true,"href":"https:\/\/mooshbakery.shop\/isabella\/wp-json\/wp\/v2\/users\/1"}],"replies":[{"embeddable":true,"href":"https:\/\/mooshbakery.shop\/isabella\/wp-json\/wp\/v2\/comments?post=30"}],"version-history":[{"count":4,"href":"https:\/\/mooshbakery.shop\/isabella\/wp-json\/wp\/v2\/pages\/30\/revisions"}],"predecessor-version":[{"id":109,"href":"https:\/\/mooshbakery.shop\/isabella\/wp-json\/wp\/v2\/pages\/30\/revisions\/109"}],"wp:attachment":[{"href":"https:\/\/mooshbakery.shop\/isabella\/wp-json\/wp\/v2\/media?parent=30"}],"curies":[{"name":"wp","href":"https:\/\/api.w.org\/{rel}","templated":true}]}}