{"id":20,"date":"2026-03-21T17:05:52","date_gmt":"2026-03-21T16:05:52","guid":{"rendered":"https:\/\/mooshbakery.shop\/laura\/?page_id=20"},"modified":"2026-04-18T02:20:32","modified_gmt":"2026-04-18T00:20:32","slug":"quienes-somos","status":"publish","type":"page","link":"https:\/\/mooshbakery.shop\/laura\/quienes-somos\/","title":{"rendered":"Quienes Somos"},"content":{"rendered":"\n\t<section class=\"section\" id=\"section_73978592\">\n\t\t<div class=\"section-bg fill\" >\n\t\t\t\t\t\t\t\t\t\n\t\t\t\n\n\t\t<\/div>\n\n\t\t\n\n\t\t<div class=\"section-content relative\">\n\t\t\t\n<div class=\"row\"  id=\"row-1710255051\">\n\n\t<div id=\"col-839376861\" class=\"col medium-12 small-12 large-7\"  >\n\t\t\t\t<div class=\"col-inner\" style=\"background-color:rgb(240, 191, 223);\" >\n\t\t\t\n\t\t\t\n\t<div id=\"text-3225917553\" class=\"text\">\n\t\t\n<p>\u00bfQUIENES SOMOS?<\/p>\n\t\t\n<style>\n#text-3225917553 {\n  font-size: 2.6rem;\n  line-height: 2;\n  text-align: center;\n  color: rgb(255, 255, 255);\n}\n#text-3225917553 > * {\n  color: rgb(255, 255, 255);\n}\n<\/style>\n\t<\/div>\n\t\n<p>Somos una pareja so\u00f1adora que decidi\u00f3 emprender desde 2019, un solo sue\u00f1o, muchas expectativas y muchas ganas de salir adelante creando tortas para hacer mejores la experiencias de los dem\u00e1s.<\/p>\n<a class=\"button secondary is-link\" >\n\t\t<span>Read full story<\/span>\n\t<i class=\"icon-angle-right\" aria-hidden=\"true\"><\/i><\/a>\n\n\t<div id=\"gap-1789666548\" class=\"gap-element clearfix\" style=\"display:block; height:auto;\">\n\t\t\n<style>\n#gap-1789666548 {\n  padding-top: 50px;\n}\n<\/style>\n\t<\/div>\n\t\n\n  <div class=\"banner has-hover\" id=\"banner-2097154596\">\n          <div class=\"banner-inner fill\">\n        <div class=\"banner-bg fill\" >\n            <img loading=\"lazy\" decoding=\"async\" width=\"406\" height=\"493\" src=\"https:\/\/mooshbakery.shop\/laura\/wp-content\/uploads\/2026\/04\/categoria-01.jpg\" class=\"bg attachment-original size-original\" alt=\"\" \/>                                    \n                    <\/div>\n\t\t\n        <div class=\"banner-layers container\">\n            <div class=\"fill banner-link\"><\/div>            \n   <div id=\"text-box-1888244385\" class=\"text-box banner-layer x50 md-x50 lg-x50 y70 md-y70 lg-y70 res-text\">\n                                <div class=\"text-box-content text dark\">\n              \n              <div class=\"text-inner text-center\">\n                  \n              <\/div>\n           <\/div>\n                            \n<style>\n#text-box-1888244385 {\n  width: 60%;\n}\n#text-box-1888244385 .text-box-content {\n  font-size: 100%;\n}\n@media (min-width:550px) {\n  #text-box-1888244385 {\n    width: 60%;\n  }\n}\n<\/style>\n    <\/div>\n \n        <\/div>\n      <\/div>\n\n            \n<style>\n#banner-2097154596 {\n  padding-top: 200px;\n  background-color: rgba(255, 255, 255, 0);\n}\n@media (min-width:550px) {\n  #banner-2097154596 {\n    padding-top: 419px;\n  }\n}\n<\/style>\n  <\/div>\n\n\n\t\t<\/div>\n\t\t\t\t\n<style>\n#col-839376861 > .col-inner {\n  padding: 10% 10% 10% 10%;\n}\n<\/style>\n\t<\/div>\n\n\t\n\n\t<div id=\"col-533801926\" class=\"col medium-12 small-12 large-5\"  >\n\t\t\t\t<div class=\"col-inner\"  >\n\t\t\t\n\t\t\t\n<div class=\"row align-equal\"  id=\"row-200059613\">\n\n\t<div id=\"col-1139097268\" class=\"col small-12 large-12\"  >\n\t\t\t\t<div class=\"col-inner\" style=\"background-color:rgb(243, 251, 240);\" >\n\t\t\t\n\t\t\t\n\t<div class=\"box has-hover   has-hover box-shade dark box-text-bottom\" >\n\n\t\t<div class=\"box-image\" >\n\t\t\t<a href=\"#\" >\t\t\t<div class=\"image-glow image-cover\" style=\"padding-top:200px;\">\n\t\t\t\t<img loading=\"lazy\" decoding=\"async\" width=\"1707\" height=\"2560\" src=\"https:\/\/mooshbakery.shop\/laura\/wp-content\/uploads\/2026\/04\/MOOSH_5052-scaled.jpg\" class=\"attachment- size-\" alt=\"\" srcset=\"https:\/\/mooshbakery.shop\/laura\/wp-content\/uploads\/2026\/04\/MOOSH_5052-scaled.jpg 1707w, https:\/\/mooshbakery.shop\/laura\/wp-content\/uploads\/2026\/04\/MOOSH_5052-scaled-600x900.jpg 600w, https:\/\/mooshbakery.shop\/laura\/wp-content\/uploads\/2026\/04\/MOOSH_5052-200x300.jpg 200w, https:\/\/mooshbakery.shop\/laura\/wp-content\/uploads\/2026\/04\/MOOSH_5052-683x1024.jpg 683w, https:\/\/mooshbakery.shop\/laura\/wp-content\/uploads\/2026\/04\/MOOSH_5052-768x1152.jpg 768w, https:\/\/mooshbakery.shop\/laura\/wp-content\/uploads\/2026\/04\/MOOSH_5052-1024x1536.jpg 1024w, https:\/\/mooshbakery.shop\/laura\/wp-content\/uploads\/2026\/04\/MOOSH_5052-1365x2048.jpg 1365w, https:\/\/mooshbakery.shop\/laura\/wp-content\/uploads\/2026\/04\/MOOSH_5052-1320x1980.jpg 1320w\" sizes=\"auto, (max-width: 1707px) 100vw, 1707px\" \/>\t\t\t\t\t\t\t\t<div class=\"shade\"><\/div>\t\t\t<\/div>\n\t\t\t<\/a>\t\t<\/div>\n\n\t\t<div class=\"box-text text-left\" >\n\t\t\t<div class=\"box-text-inner\">\n\t\t\t\t\n<h2> Always up to date <\/h2>\n<p> Sign up for our newsletter<\/p>\n\t\t\t<\/div>\n\t\t<\/div>\n\t<\/div>\n\t\n\t\t<\/div>\n\t\t\t\t\n<style>\n#col-1139097268 > .col-inner {\n  padding: 10% 10% 10% 10%;\n}\n<\/style>\n\t<\/div>\n\n\t\n<\/div>\n<div class=\"row\"  id=\"row-2083069686\">\n\n\t<div id=\"col-1506423929\" class=\"col small-12 large-12\"  >\n\t\t\t\t<div class=\"col-inner\"  >\n\t\t\t\n\t\t\t\n<div class=\"row\"  id=\"row-910915445\">\n\n\t<div id=\"col-1812146095\" class=\"col small-12 large-12\"  >\n\t\t\t\t<div class=\"col-inner\" style=\"background-color:rgb(251, 240, 250);\" >\n\t\t\t\n\t\t\t\n\t<div id=\"text-1230666516\" class=\"text\">\n\t\t\n<h2><span style=\"font-size: 23.04px;\">TORTAS PERSONALIZADAS<\/span><\/h2>\n<h2><span style=\"color: #555555; font-size: 14.4px;\">Hacemos tus ideas realidad, para volver inolvidables tus experiencias<\/span><\/h2>\n\t\t\n<style>\n#text-1230666516 {\n  color: rgb(82, 152, 218);\n}\n#text-1230666516 > * {\n  color: rgb(82, 152, 218);\n}\n<\/style>\n\t<\/div>\n\t\n<a class=\"button secondary is-link\" >\n\t\t<span>Read more<\/span>\n\t<i class=\"icon-angle-right\" aria-hidden=\"true\"><\/i><\/a>\n\n\n  <div class=\"banner has-hover\" id=\"banner-1623280516\">\n          <div class=\"banner-inner fill\">\n        <div class=\"banner-bg fill\" >\n            <img loading=\"lazy\" decoding=\"async\" width=\"682\" height=\"1024\" src=\"https:\/\/mooshbakery.shop\/laura\/wp-content\/uploads\/2026\/04\/MOOSH_1715-scaled-1-682x1024.jpeg\" class=\"bg attachment-large size-large\" alt=\"\" \/>                                    \n                    <\/div>\n\t\t\n        <div class=\"banner-layers container\">\n            <div class=\"fill banner-link\"><\/div>            \n   <div id=\"text-box-210524251\" class=\"text-box banner-layer x50 md-x50 lg-x50 y100 md-y100 lg-y100 res-text\">\n                                <div class=\"text-box-content text dark\">\n              \n              <div class=\"text-inner text-center\">\n                  \n              <\/div>\n           <\/div>\n                            \n<style>\n#text-box-210524251 {\n  width: 60%;\n}\n#text-box-210524251 .text-box-content {\n  font-size: 100%;\n}\n<\/style>\n    <\/div>\n \n        <\/div>\n      <\/div>\n\n            \n<style>\n#banner-1623280516 {\n  padding-top: 200px;\n  background-color: rgba(255, 255, 255, 0);\n}\n@media (min-width:550px) {\n  #banner-1623280516 {\n    padding-top: 300px;\n  }\n}\n@media (min-width:850px) {\n  #banner-1623280516 {\n    padding-top: 200px;\n  }\n}\n<\/style>\n  <\/div>\n\n\n\t\t<\/div>\n\t\t\t\t\n<style>\n#col-1812146095 > .col-inner {\n  padding: 10% 10% 10% 10%;\n}\n<\/style>\n\t<\/div>\n\n\t\n<\/div>\n\t\t<\/div>\n\t\t\t\t\t<\/div>\n\n\t\n<\/div>\n\t\t<\/div>\n\t\t\t\t\t<\/div>\n\n\t\n<\/div>\n\t\t<\/div>\n\n\t\t\n<style>\n#section_73978592 {\n  padding-top: 30px;\n  padding-bottom: 30px;\n}\n<\/style>\n\t<\/section>\n\t\n","protected":false},"excerpt":{"rendered":"","protected":false},"author":1,"featured_media":0,"parent":0,"menu_order":0,"comment_status":"closed","ping_status":"closed","template":"","meta":{"_joinchat":[],"footnotes":""},"class_list":["post-20","page","type-page","status-publish","hentry"],"yoast_head":"<!-- This site is optimized with the Yoast SEO plugin v27.3 - https:\/\/yoast.com\/product\/yoast-seo-wordpress\/ -->\n<title>Quienes Somos - Moosh Bakery<\/title>\n<meta name=\"robots\" content=\"index, follow, max-snippet:-1, max-image-preview:large, max-video-preview:-1\" \/>\n<link rel=\"canonical\" href=\"https:\/\/mooshbakery.shop\/laura\/quienes-somos\/\" \/>\n<meta property=\"og:locale\" content=\"es_ES\" \/>\n<meta property=\"og:type\" content=\"article\" \/>\n<meta property=\"og:title\" content=\"Quienes Somos - Moosh Bakery\" \/>\n<meta property=\"og:url\" content=\"https:\/\/mooshbakery.shop\/laura\/quienes-somos\/\" \/>\n<meta property=\"og:site_name\" content=\"Moosh Bakery\" \/>\n<meta property=\"article:modified_time\" content=\"2026-04-18T00:20:32+00:00\" \/>\n<meta name=\"twitter:card\" content=\"summary_large_image\" \/>\n<meta name=\"twitter:label1\" content=\"Tiempo de lectura\" \/>\n\t<meta name=\"twitter:data1\" content=\"1 minuto\" \/>\n<script type=\"application\/ld+json\" class=\"yoast-schema-graph\">{\"@context\":\"https:\\\/\\\/schema.org\",\"@graph\":[{\"@type\":\"WebPage\",\"@id\":\"https:\\\/\\\/mooshbakery.shop\\\/laura\\\/quienes-somos\\\/\",\"url\":\"https:\\\/\\\/mooshbakery.shop\\\/laura\\\/quienes-somos\\\/\",\"name\":\"Quienes Somos - Moosh Bakery\",\"isPartOf\":{\"@id\":\"https:\\\/\\\/mooshbakery.shop\\\/laura\\\/#website\"},\"datePublished\":\"2026-03-21T16:05:52+00:00\",\"dateModified\":\"2026-04-18T00:20:32+00:00\",\"breadcrumb\":{\"@id\":\"https:\\\/\\\/mooshbakery.shop\\\/laura\\\/quienes-somos\\\/#breadcrumb\"},\"inLanguage\":\"es\",\"potentialAction\":[{\"@type\":\"ReadAction\",\"target\":[\"https:\\\/\\\/mooshbakery.shop\\\/laura\\\/quienes-somos\\\/\"]}]},{\"@type\":\"BreadcrumbList\",\"@id\":\"https:\\\/\\\/mooshbakery.shop\\\/laura\\\/quienes-somos\\\/#breadcrumb\",\"itemListElement\":[{\"@type\":\"ListItem\",\"position\":1,\"name\":\"Portada\",\"item\":\"https:\\\/\\\/mooshbakery.shop\\\/laura\\\/\"},{\"@type\":\"ListItem\",\"position\":2,\"name\":\"Quienes Somos\"}]},{\"@type\":\"WebSite\",\"@id\":\"https:\\\/\\\/mooshbakery.shop\\\/laura\\\/#website\",\"url\":\"https:\\\/\\\/mooshbakery.shop\\\/laura\\\/\",\"name\":\"Moosh Bakery\",\"description\":\"\",\"potentialAction\":[{\"@type\":\"SearchAction\",\"target\":{\"@type\":\"EntryPoint\",\"urlTemplate\":\"https:\\\/\\\/mooshbakery.shop\\\/laura\\\/?s={search_term_string}\"},\"query-input\":{\"@type\":\"PropertyValueSpecification\",\"valueRequired\":true,\"valueName\":\"search_term_string\"}}],\"inLanguage\":\"es\"}]}<\/script>\n<!-- \/ Yoast SEO plugin. -->","yoast_head_json":{"title":"Quienes Somos - Moosh Bakery","robots":{"index":"index","follow":"follow","max-snippet":"max-snippet:-1","max-image-preview":"max-image-preview:large","max-video-preview":"max-video-preview:-1"},"canonical":"https:\/\/mooshbakery.shop\/laura\/quienes-somos\/","og_locale":"es_ES","og_type":"article","og_title":"Quienes Somos - Moosh Bakery","og_url":"https:\/\/mooshbakery.shop\/laura\/quienes-somos\/","og_site_name":"Moosh Bakery","article_modified_time":"2026-04-18T00:20:32+00:00","twitter_card":"summary_large_image","twitter_misc":{"Tiempo de lectura":"1 minuto"},"schema":{"@context":"https:\/\/schema.org","@graph":[{"@type":"WebPage","@id":"https:\/\/mooshbakery.shop\/laura\/quienes-somos\/","url":"https:\/\/mooshbakery.shop\/laura\/quienes-somos\/","name":"Quienes Somos - Moosh Bakery","isPartOf":{"@id":"https:\/\/mooshbakery.shop\/laura\/#website"},"datePublished":"2026-03-21T16:05:52+00:00","dateModified":"2026-04-18T00:20:32+00:00","breadcrumb":{"@id":"https:\/\/mooshbakery.shop\/laura\/quienes-somos\/#breadcrumb"},"inLanguage":"es","potentialAction":[{"@type":"ReadAction","target":["https:\/\/mooshbakery.shop\/laura\/quienes-somos\/"]}]},{"@type":"BreadcrumbList","@id":"https:\/\/mooshbakery.shop\/laura\/quienes-somos\/#breadcrumb","itemListElement":[{"@type":"ListItem","position":1,"name":"Portada","item":"https:\/\/mooshbakery.shop\/laura\/"},{"@type":"ListItem","position":2,"name":"Quienes Somos"}]},{"@type":"WebSite","@id":"https:\/\/mooshbakery.shop\/laura\/#website","url":"https:\/\/mooshbakery.shop\/laura\/","name":"Moosh Bakery","description":"","potentialAction":[{"@type":"SearchAction","target":{"@type":"EntryPoint","urlTemplate":"https:\/\/mooshbakery.shop\/laura\/?s={search_term_string}"},"query-input":{"@type":"PropertyValueSpecification","valueRequired":true,"valueName":"search_term_string"}}],"inLanguage":"es"}]}},"jetpack_sharing_enabled":true,"_links":{"self":[{"href":"https:\/\/mooshbakery.shop\/laura\/wp-json\/wp\/v2\/pages\/20","targetHints":{"allow":["GET"]}}],"collection":[{"href":"https:\/\/mooshbakery.shop\/laura\/wp-json\/wp\/v2\/pages"}],"about":[{"href":"https:\/\/mooshbakery.shop\/laura\/wp-json\/wp\/v2\/types\/page"}],"author":[{"embeddable":true,"href":"https:\/\/mooshbakery.shop\/laura\/wp-json\/wp\/v2\/users\/1"}],"replies":[{"embeddable":true,"href":"https:\/\/mooshbakery.shop\/laura\/wp-json\/wp\/v2\/comments?post=20"}],"version-history":[{"count":4,"href":"https:\/\/mooshbakery.shop\/laura\/wp-json\/wp\/v2\/pages\/20\/revisions"}],"predecessor-version":[{"id":111,"href":"https:\/\/mooshbakery.shop\/laura\/wp-json\/wp\/v2\/pages\/20\/revisions\/111"}],"wp:attachment":[{"href":"https:\/\/mooshbakery.shop\/laura\/wp-json\/wp\/v2\/media?parent=20"}],"curies":[{"name":"wp","href":"https:\/\/api.w.org\/{rel}","templated":true}]}}