{"id":26,"date":"2026-03-21T17:07:21","date_gmt":"2026-03-21T16:07:21","guid":{"rendered":"https:\/\/mooshbakery.shop\/laura\/?page_id=26"},"modified":"2026-04-29T03:04:48","modified_gmt":"2026-04-29T01:04:48","slug":"preguntas-frecuentes","status":"publish","type":"page","link":"https:\/\/mooshbakery.shop\/laura\/preguntas-frecuentes\/","title":{"rendered":"Preguntas frecuentes"},"content":{"rendered":"<div class=\"container section-title-container\" ><h1 class=\"section-title section-title-center\"><b aria-hidden=\"true\"><\/b><span class=\"section-title-main\" style=\"color:#e07b38;\">PREGUNTAS FRECUENTES<\/span><b aria-hidden=\"true\"><\/b><\/h1><\/div>\n<div class=\"accordion\">\n\t<div id=\"accordion-2085297387\" class=\"accordion-item\">\n\t\t<a id=\"accordion-2085297387-label\" class=\"accordion-title plain\" href=\"#accordion-item-\u00bfhacen-tortas-personalizadas?\" aria-expanded=\"false\" aria-controls=\"accordion-2085297387-content\">\n\t\t\t<button class=\"toggle\" aria-label=\"Toggle\"><i class=\"icon-angle-down\" aria-hidden=\"true\"><\/i><\/button>\n\t\t\t<span>\u00bfHacen tortas personalizadas?<\/span>\n\t\t<\/a>\n\t\t<div id=\"accordion-2085297387-content\" class=\"accordion-inner\" aria-labelledby=\"accordion-2085297387-label\">\n\t\t\t\n<p>S\u00ed, env\u00eda tu modelo a nuestro Whatsapp y la realizamos a tu gusto<\/p>\n\t\t<\/div>\n\t<\/div>\n\t\n\t<div id=\"accordion-4262241132\" class=\"accordion-item\">\n\t\t<a id=\"accordion-4262241132-label\" class=\"accordion-title plain\" href=\"#accordion-item-\u00bfd\u00f3nde-est\u00e1n-ubicados?\" aria-expanded=\"false\" aria-controls=\"accordion-4262241132-content\">\n\t\t\t<button class=\"toggle\" aria-label=\"Toggle\"><i class=\"icon-angle-down\" aria-hidden=\"true\"><\/i><\/button>\n\t\t\t<span>\u00bfD\u00f3nde est\u00e1n ubicados?<\/span>\n\t\t<\/a>\n\t\t<div id=\"accordion-4262241132-content\" class=\"accordion-inner\" aria-labelledby=\"accordion-4262241132-label\">\n\t\t\t\n<p>En Cali, somos cocina oculta y hacemos env\u00edos a toda la ciudad<\/p>\n\t\t<\/div>\n\t<\/div>\n\t\n\t<div id=\"accordion-3329166494\" class=\"accordion-item\">\n\t\t<a id=\"accordion-3329166494-label\" class=\"accordion-title plain\" href=\"#accordion-item-\u00bfqu\u00e9-metodos-de-pago-manejan?\" aria-expanded=\"false\" aria-controls=\"accordion-3329166494-content\">\n\t\t\t<button class=\"toggle\" aria-label=\"Toggle\"><i class=\"icon-angle-down\" aria-hidden=\"true\"><\/i><\/button>\n\t\t\t<span>\u00bfQu\u00e9 metodos de pago manejan?<\/span>\n\t\t<\/a>\n\t\t<div id=\"accordion-3329166494-content\" class=\"accordion-inner\" aria-labelledby=\"accordion-3329166494-label\">\n\t\t\t\n<p>Wompi para pagar por PSE, tambi\u00e9n transferencia o contraentrega. Tomamos el pedido con el 50% de adelanto<\/p>\n\t\t<\/div>\n\t<\/div>\n\t\n\t<div id=\"accordion-3196362377\" class=\"accordion-item\">\n\t\t<a id=\"accordion-3196362377-label\" class=\"accordion-title plain\" href=\"#accordion-item-\u00bfcon-cu\u00e1ntos-d\u00edas-debo-reservar?\" aria-expanded=\"false\" aria-controls=\"accordion-3196362377-content\">\n\t\t\t<button class=\"toggle\" aria-label=\"Toggle\"><i class=\"icon-angle-down\" aria-hidden=\"true\"><\/i><\/button>\n\t\t\t<span>\u00bfCon cu\u00e1ntos d\u00edas debo reservar?<\/span>\n\t\t<\/a>\n\t\t<div id=\"accordion-3196362377-content\" class=\"accordion-inner\" aria-labelledby=\"accordion-3196362377-label\">\n\t\t\t\n<p>M\u00ednimo con 2 d\u00edas de anticipaci\u00f3n para tenerla lista en la fecha que necesites<\/p>\n\t\t<\/div>\n\t<\/div>\n\t\n\t<div id=\"accordion-2669097752\" class=\"accordion-item\">\n\t\t<a id=\"accordion-2669097752-label\" class=\"accordion-title plain\" href=\"#accordion-item-\u00bfhacen-env\u00edos?\" aria-expanded=\"false\" aria-controls=\"accordion-2669097752-content\">\n\t\t\t<button class=\"toggle\" aria-label=\"Toggle\"><i class=\"icon-angle-down\" aria-hidden=\"true\"><\/i><\/button>\n\t\t\t<span>\u00bfHacen env\u00edos?<\/span>\n\t\t<\/a>\n\t\t<div id=\"accordion-2669097752-content\" class=\"accordion-inner\" aria-labelledby=\"accordion-2669097752-label\">\n\t\t\t\n\t\t<\/div>\n\t<\/div>\n\t\n<\/div>\n<p>S\u00ed, solo si est\u00e1s ubicado\/a en Cali- Valle del Cauca<\/p>\n","protected":false},"excerpt":{"rendered":"<p>S\u00ed, solo si est\u00e1s ubicado\/a en Cali- Valle del Cauca<\/p>\n","protected":false},"author":1,"featured_media":0,"parent":0,"menu_order":0,"comment_status":"closed","ping_status":"closed","template":"","meta":{"_joinchat":[],"footnotes":""},"class_list":["post-26","page","type-page","status-publish","hentry"],"yoast_head":"<!-- This site is optimized with the Yoast SEO plugin v27.3 - https:\/\/yoast.com\/product\/yoast-seo-wordpress\/ -->\n<title>Preguntas frecuentes - Moosh Bakery<\/title>\n<meta name=\"robots\" content=\"index, follow, max-snippet:-1, max-image-preview:large, max-video-preview:-1\" \/>\n<link rel=\"canonical\" href=\"https:\/\/mooshbakery.shop\/laura\/preguntas-frecuentes\/\" \/>\n<meta property=\"og:locale\" content=\"es_ES\" \/>\n<meta property=\"og:type\" content=\"article\" \/>\n<meta property=\"og:title\" content=\"Preguntas frecuentes - Moosh Bakery\" \/>\n<meta property=\"og:description\" content=\"S\u00ed, solo si est\u00e1s ubicado\/a en Cali- Valle del Cauca\" \/>\n<meta property=\"og:url\" content=\"https:\/\/mooshbakery.shop\/laura\/preguntas-frecuentes\/\" \/>\n<meta property=\"og:site_name\" content=\"Moosh Bakery\" \/>\n<meta property=\"article:modified_time\" content=\"2026-04-29T01:04:48+00:00\" \/>\n<meta name=\"twitter:card\" content=\"summary_large_image\" \/>\n<meta name=\"twitter:label1\" content=\"Tiempo de lectura\" \/>\n\t<meta name=\"twitter:data1\" content=\"1 minuto\" \/>\n<script type=\"application\/ld+json\" class=\"yoast-schema-graph\">{\"@context\":\"https:\\\/\\\/schema.org\",\"@graph\":[{\"@type\":\"WebPage\",\"@id\":\"https:\\\/\\\/mooshbakery.shop\\\/laura\\\/preguntas-frecuentes\\\/\",\"url\":\"https:\\\/\\\/mooshbakery.shop\\\/laura\\\/preguntas-frecuentes\\\/\",\"name\":\"Preguntas frecuentes - Moosh Bakery\",\"isPartOf\":{\"@id\":\"https:\\\/\\\/mooshbakery.shop\\\/laura\\\/#website\"},\"datePublished\":\"2026-03-21T16:07:21+00:00\",\"dateModified\":\"2026-04-29T01:04:48+00:00\",\"breadcrumb\":{\"@id\":\"https:\\\/\\\/mooshbakery.shop\\\/laura\\\/preguntas-frecuentes\\\/#breadcrumb\"},\"inLanguage\":\"es\",\"potentialAction\":[{\"@type\":\"ReadAction\",\"target\":[\"https:\\\/\\\/mooshbakery.shop\\\/laura\\\/preguntas-frecuentes\\\/\"]}]},{\"@type\":\"BreadcrumbList\",\"@id\":\"https:\\\/\\\/mooshbakery.shop\\\/laura\\\/preguntas-frecuentes\\\/#breadcrumb\",\"itemListElement\":[{\"@type\":\"ListItem\",\"position\":1,\"name\":\"Portada\",\"item\":\"https:\\\/\\\/mooshbakery.shop\\\/laura\\\/\"},{\"@type\":\"ListItem\",\"position\":2,\"name\":\"Preguntas frecuentes\"}]},{\"@type\":\"WebSite\",\"@id\":\"https:\\\/\\\/mooshbakery.shop\\\/laura\\\/#website\",\"url\":\"https:\\\/\\\/mooshbakery.shop\\\/laura\\\/\",\"name\":\"Moosh Bakery\",\"description\":\"\",\"potentialAction\":[{\"@type\":\"SearchAction\",\"target\":{\"@type\":\"EntryPoint\",\"urlTemplate\":\"https:\\\/\\\/mooshbakery.shop\\\/laura\\\/?s={search_term_string}\"},\"query-input\":{\"@type\":\"PropertyValueSpecification\",\"valueRequired\":true,\"valueName\":\"search_term_string\"}}],\"inLanguage\":\"es\"}]}<\/script>\n<!-- \/ Yoast SEO plugin. -->","yoast_head_json":{"title":"Preguntas frecuentes - Moosh Bakery","robots":{"index":"index","follow":"follow","max-snippet":"max-snippet:-1","max-image-preview":"max-image-preview:large","max-video-preview":"max-video-preview:-1"},"canonical":"https:\/\/mooshbakery.shop\/laura\/preguntas-frecuentes\/","og_locale":"es_ES","og_type":"article","og_title":"Preguntas frecuentes - Moosh Bakery","og_description":"S\u00ed, solo si est\u00e1s ubicado\/a en Cali- Valle del Cauca","og_url":"https:\/\/mooshbakery.shop\/laura\/preguntas-frecuentes\/","og_site_name":"Moosh Bakery","article_modified_time":"2026-04-29T01:04:48+00:00","twitter_card":"summary_large_image","twitter_misc":{"Tiempo de lectura":"1 minuto"},"schema":{"@context":"https:\/\/schema.org","@graph":[{"@type":"WebPage","@id":"https:\/\/mooshbakery.shop\/laura\/preguntas-frecuentes\/","url":"https:\/\/mooshbakery.shop\/laura\/preguntas-frecuentes\/","name":"Preguntas frecuentes - Moosh Bakery","isPartOf":{"@id":"https:\/\/mooshbakery.shop\/laura\/#website"},"datePublished":"2026-03-21T16:07:21+00:00","dateModified":"2026-04-29T01:04:48+00:00","breadcrumb":{"@id":"https:\/\/mooshbakery.shop\/laura\/preguntas-frecuentes\/#breadcrumb"},"inLanguage":"es","potentialAction":[{"@type":"ReadAction","target":["https:\/\/mooshbakery.shop\/laura\/preguntas-frecuentes\/"]}]},{"@type":"BreadcrumbList","@id":"https:\/\/mooshbakery.shop\/laura\/preguntas-frecuentes\/#breadcrumb","itemListElement":[{"@type":"ListItem","position":1,"name":"Portada","item":"https:\/\/mooshbakery.shop\/laura\/"},{"@type":"ListItem","position":2,"name":"Preguntas frecuentes"}]},{"@type":"WebSite","@id":"https:\/\/mooshbakery.shop\/laura\/#website","url":"https:\/\/mooshbakery.shop\/laura\/","name":"Moosh Bakery","description":"","potentialAction":[{"@type":"SearchAction","target":{"@type":"EntryPoint","urlTemplate":"https:\/\/mooshbakery.shop\/laura\/?s={search_term_string}"},"query-input":{"@type":"PropertyValueSpecification","valueRequired":true,"valueName":"search_term_string"}}],"inLanguage":"es"}]}},"jetpack_sharing_enabled":true,"_links":{"self":[{"href":"https:\/\/mooshbakery.shop\/laura\/wp-json\/wp\/v2\/pages\/26","targetHints":{"allow":["GET"]}}],"collection":[{"href":"https:\/\/mooshbakery.shop\/laura\/wp-json\/wp\/v2\/pages"}],"about":[{"href":"https:\/\/mooshbakery.shop\/laura\/wp-json\/wp\/v2\/types\/page"}],"author":[{"embeddable":true,"href":"https:\/\/mooshbakery.shop\/laura\/wp-json\/wp\/v2\/users\/1"}],"replies":[{"embeddable":true,"href":"https:\/\/mooshbakery.shop\/laura\/wp-json\/wp\/v2\/comments?post=26"}],"version-history":[{"count":4,"href":"https:\/\/mooshbakery.shop\/laura\/wp-json\/wp\/v2\/pages\/26\/revisions"}],"predecessor-version":[{"id":154,"href":"https:\/\/mooshbakery.shop\/laura\/wp-json\/wp\/v2\/pages\/26\/revisions\/154"}],"wp:attachment":[{"href":"https:\/\/mooshbakery.shop\/laura\/wp-json\/wp\/v2\/media?parent=26"}],"curies":[{"name":"wp","href":"https:\/\/api.w.org\/{rel}","templated":true}]}}